{"id":12,"date":"2016-01-18T20:40:57","date_gmt":"2016-01-18T20:40:57","guid":{"rendered":"http:\/\/sandbox.favethemes.com\/houzez\/?page_id=12"},"modified":"2016-01-18T20:40:57","modified_gmt":"2016-01-18T20:40:57","slug":"favorite-properties","status":"publish","type":"page","link":"https:\/\/www.nhachungcu.com.vn\/index.php\/favorite-properties\/","title":{"rendered":"Favorite Properties"},"content":{"rendered":"","protected":false},"excerpt":{"rendered":"","protected":false},"author":1,"featured_media":0,"parent":0,"menu_order":0,"comment_status":"closed","ping_status":"closed","template":"template\/user_dashboard_favorites.php","meta":{"footnotes":""},"class_list":["post-12","page","type-page","status-publish","hentry"],"yoast_head":"<!-- This site is optimized with the Yoast SEO plugin v25.2 - https:\/\/yoast.com\/wordpress\/plugins\/seo\/ -->\n<title>Favorite Properties - NH\u00c0 CHUNG C\u01af<\/title>\n<meta name=\"robots\" content=\"index, follow, max-snippet:-1, max-image-preview:large, max-video-preview:-1\" \/>\n<link rel=\"canonical\" href=\"https:\/\/www.nhachungcu.com.vn\/index.php\/favorite-properties\/\" \/>\n<meta property=\"og:locale\" content=\"vi_VN\" \/>\n<meta property=\"og:type\" content=\"article\" \/>\n<meta property=\"og:title\" content=\"Favorite Properties - NH\u00c0 CHUNG C\u01af\" \/>\n<meta property=\"og:url\" content=\"https:\/\/www.nhachungcu.com.vn\/index.php\/favorite-properties\/\" \/>\n<meta property=\"og:site_name\" content=\"NH\u00c0 CHUNG C\u01af\" \/>\n<meta name=\"twitter:card\" content=\"summary_large_image\" \/>\n<script type=\"application\/ld+json\" class=\"yoast-schema-graph\">{\"@context\":\"https:\/\/schema.org\",\"@graph\":[{\"@type\":\"WebPage\",\"@id\":\"https:\/\/www.nhachungcu.com.vn\/index.php\/favorite-properties\/\",\"url\":\"https:\/\/www.nhachungcu.com.vn\/index.php\/favorite-properties\/\",\"name\":\"Favorite Properties - NH\u00c0 CHUNG C\u01af\",\"isPartOf\":{\"@id\":\"https:\/\/www.nhachungcu.com.vn\/#website\"},\"datePublished\":\"2016-01-18T20:40:57+00:00\",\"breadcrumb\":{\"@id\":\"https:\/\/www.nhachungcu.com.vn\/index.php\/favorite-properties\/#breadcrumb\"},\"inLanguage\":\"vi\",\"potentialAction\":[{\"@type\":\"ReadAction\",\"target\":[\"https:\/\/www.nhachungcu.com.vn\/index.php\/favorite-properties\/\"]}]},{\"@type\":\"BreadcrumbList\",\"@id\":\"https:\/\/www.nhachungcu.com.vn\/index.php\/favorite-properties\/#breadcrumb\",\"itemListElement\":[{\"@type\":\"ListItem\",\"position\":1,\"name\":\"Trang ch\u1ee7\",\"item\":\"https:\/\/www.nhachungcu.com.vn\/\"},{\"@type\":\"ListItem\",\"position\":2,\"name\":\"Favorite Properties\"}]},{\"@type\":\"WebSite\",\"@id\":\"https:\/\/www.nhachungcu.com.vn\/#website\",\"url\":\"https:\/\/www.nhachungcu.com.vn\/\",\"name\":\"NH\u00c0 CHUNG C\u01af\",\"description\":\"QU\u1ea2N L\u1ef8 V\u1eacN H\u00c0NH V\u00c0 MUA B\u00c1N NH\u00c0 CHUNG C\u01af\",\"potentialAction\":[{\"@type\":\"SearchAction\",\"target\":{\"@type\":\"EntryPoint\",\"urlTemplate\":\"https:\/\/www.nhachungcu.com.vn\/?s={search_term_string}\"},\"query-input\":{\"@type\":\"PropertyValueSpecification\",\"valueRequired\":true,\"valueName\":\"search_term_string\"}}],\"inLanguage\":\"vi\"}]}<\/script>\n<!-- \/ Yoast SEO plugin. -->","yoast_head_json":{"title":"Favorite Properties - NH\u00c0 CHUNG C\u01af","robots":{"index":"index","follow":"follow","max-snippet":"max-snippet:-1","max-image-preview":"max-image-preview:large","max-video-preview":"max-video-preview:-1"},"canonical":"https:\/\/www.nhachungcu.com.vn\/index.php\/favorite-properties\/","og_locale":"vi_VN","og_type":"article","og_title":"Favorite Properties - NH\u00c0 CHUNG C\u01af","og_url":"https:\/\/www.nhachungcu.com.vn\/index.php\/favorite-properties\/","og_site_name":"NH\u00c0 CHUNG C\u01af","twitter_card":"summary_large_image","schema":{"@context":"https:\/\/schema.org","@graph":[{"@type":"WebPage","@id":"https:\/\/www.nhachungcu.com.vn\/index.php\/favorite-properties\/","url":"https:\/\/www.nhachungcu.com.vn\/index.php\/favorite-properties\/","name":"Favorite Properties - NH\u00c0 CHUNG C\u01af","isPartOf":{"@id":"https:\/\/www.nhachungcu.com.vn\/#website"},"datePublished":"2016-01-18T20:40:57+00:00","breadcrumb":{"@id":"https:\/\/www.nhachungcu.com.vn\/index.php\/favorite-properties\/#breadcrumb"},"inLanguage":"vi","potentialAction":[{"@type":"ReadAction","target":["https:\/\/www.nhachungcu.com.vn\/index.php\/favorite-properties\/"]}]},{"@type":"BreadcrumbList","@id":"https:\/\/www.nhachungcu.com.vn\/index.php\/favorite-properties\/#breadcrumb","itemListElement":[{"@type":"ListItem","position":1,"name":"Trang ch\u1ee7","item":"https:\/\/www.nhachungcu.com.vn\/"},{"@type":"ListItem","position":2,"name":"Favorite Properties"}]},{"@type":"WebSite","@id":"https:\/\/www.nhachungcu.com.vn\/#website","url":"https:\/\/www.nhachungcu.com.vn\/","name":"NH\u00c0 CHUNG C\u01af","description":"QU\u1ea2N L\u1ef8 V\u1eacN H\u00c0NH V\u00c0 MUA B\u00c1N NH\u00c0 CHUNG C\u01af","potentialAction":[{"@type":"SearchAction","target":{"@type":"EntryPoint","urlTemplate":"https:\/\/www.nhachungcu.com.vn\/?s={search_term_string}"},"query-input":{"@type":"PropertyValueSpecification","valueRequired":true,"valueName":"search_term_string"}}],"inLanguage":"vi"}]}},"_links":{"self":[{"href":"https:\/\/www.nhachungcu.com.vn\/index.php\/wp-json\/wp\/v2\/pages\/12","targetHints":{"allow":["GET"]}}],"collection":[{"href":"https:\/\/www.nhachungcu.com.vn\/index.php\/wp-json\/wp\/v2\/pages"}],"about":[{"href":"https:\/\/www.nhachungcu.com.vn\/index.php\/wp-json\/wp\/v2\/types\/page"}],"author":[{"embeddable":true,"href":"https:\/\/www.nhachungcu.com.vn\/index.php\/wp-json\/wp\/v2\/users\/1"}],"replies":[{"embeddable":true,"href":"https:\/\/www.nhachungcu.com.vn\/index.php\/wp-json\/wp\/v2\/comments?post=12"}],"version-history":[{"count":0,"href":"https:\/\/www.nhachungcu.com.vn\/index.php\/wp-json\/wp\/v2\/pages\/12\/revisions"}],"wp:attachment":[{"href":"https:\/\/www.nhachungcu.com.vn\/index.php\/wp-json\/wp\/v2\/media?parent=12"}],"curies":[{"name":"wp","href":"https:\/\/api.w.org\/{rel}","templated":true}]}}